{"id":7,"date":"2026-03-24T20:06:10","date_gmt":"2026-03-24T20:06:10","guid":{"rendered":"https:\/\/iykmakina.com\/home-2\/"},"modified":"2026-04-01T12:16:16","modified_gmt":"2026-04-01T12:16:16","slug":"home-2","status":"publish","type":"page","link":"https:\/\/iykmakina.com\/en\/home-2\/","title":{"rendered":"hizmetlerimiz"},"content":{"rendered":"<p><\/p>\n\n\n\n<div class=\"wp-block-uagb-container \\&quot;wp-block-uagb-container uagb-block-19b17677 alignfull uagb-is-root-container\"><div class=\"uagb-container-inner-blocks-wrap\">\n<div class=\"wp-block-uagb-container uagb-block-79d5ef6e\">\n<div class=\"wp-block-uagb-advanced-heading uagb-block-abb7a2f2\"><h2 class=\"uagb-heading-text\">End\u00fcstriyel Makine \u00dcretimi ve Projelendirme <\/h2><\/div>\n<\/div>\n\n\n\n<div class=\"wp-block-uagb-container uagb-block-df2f245c\">\n<figure class=\"wp-block-image size-large\"><img loading=\"lazy\" decoding=\"async\" width=\"1024\" height=\"750\" src=\"https:\/\/iykmakina.com\/wp-content\/uploads\/2026\/03\/WhatsApp-Image-2026-03-08-at-00.42.20-1024x750.jpeg\" alt=\"\" class=\"wp-image-1227\" style=\"aspect-ratio:1.365345675441134\" srcset=\"https:\/\/iykmakina.com\/wp-content\/uploads\/2026\/03\/WhatsApp-Image-2026-03-08-at-00.42.20-1024x750.jpeg 1024w, https:\/\/iykmakina.com\/wp-content\/uploads\/2026\/03\/WhatsApp-Image-2026-03-08-at-00.42.20-300x220.jpeg 300w, https:\/\/iykmakina.com\/wp-content\/uploads\/2026\/03\/WhatsApp-Image-2026-03-08-at-00.42.20-768x562.jpeg 768w, https:\/\/iykmakina.com\/wp-content\/uploads\/2026\/03\/WhatsApp-Image-2026-03-08-at-00.42.20-16x12.jpeg 16w, https:\/\/iykmakina.com\/wp-content\/uploads\/2026\/03\/WhatsApp-Image-2026-03-08-at-00.42.20.jpeg 1179w\" sizes=\"auto, (max-width: 1024px) 100vw, 1024px\" \/><\/figure>\n<\/div>\n<\/div><\/div>\n\n\n\n<div class=\"wp-block-uagb-container \\&quot;wp-block-uagb-container uagb-block-100f2c7f alignfull uagb-is-root-container\"><div class=\"uagb-container-inner-blocks-wrap\">\n<div class=\"wp-block-uagb-container uagb-block-60c0db8c\">\n<div class=\"wp-block-uagb-advanced-heading uagb-block-130846b3\"><h2 class=\"uagb-heading-text\">CNC, Universal Torna ve Freze ile Hassas \u00dcretim<\/h2><\/div>\n<\/div>\n\n\n\n<div class=\"wp-block-uagb-container uagb-block-cef68308\">\n<figure class=\"wp-block-image size-large\"><img loading=\"lazy\" decoding=\"async\" width=\"1024\" height=\"789\" src=\"https:\/\/iykmakina.com\/wp-content\/uploads\/2026\/03\/WhatsApp-Image-2026-03-08-at-00.41.52-1024x789.jpeg\" alt=\"\" class=\"wp-image-1231\" srcset=\"https:\/\/iykmakina.com\/wp-content\/uploads\/2026\/03\/WhatsApp-Image-2026-03-08-at-00.41.52-1024x789.jpeg 1024w, https:\/\/iykmakina.com\/wp-content\/uploads\/2026\/03\/WhatsApp-Image-2026-03-08-at-00.41.52-300x231.jpeg 300w, https:\/\/iykmakina.com\/wp-content\/uploads\/2026\/03\/WhatsApp-Image-2026-03-08-at-00.41.52-768x591.jpeg 768w, https:\/\/iykmakina.com\/wp-content\/uploads\/2026\/03\/WhatsApp-Image-2026-03-08-at-00.41.52-16x12.jpeg 16w, https:\/\/iykmakina.com\/wp-content\/uploads\/2026\/03\/WhatsApp-Image-2026-03-08-at-00.41.52.jpeg 1179w\" sizes=\"auto, (max-width: 1024px) 100vw, 1024px\" \/><\/figure>\n<\/div>\n<\/div><\/div>\n\n\n\n<div class=\"wp-block-uagb-container \\&quot;wp-block-uagb-container uagb-block-1e653ec1 alignfull uagb-is-root-container\"><div class=\"uagb-container-inner-blocks-wrap\">\n<div class=\"wp-block-uagb-container uagb-block-723714a7\">\n<div class=\"wp-block-uagb-advanced-heading uagb-block-ea741a64\"><h2 class=\"uagb-heading-text\">Metal Konstr\u00fcksiyon ve Proje Bazl\u0131 \u0130malat<\/h2><\/div>\n<\/div>\n\n\n\n<div class=\"wp-block-uagb-container uagb-block-7c0528bf\">\n<figure class=\"wp-block-image size-full\"><img loading=\"lazy\" decoding=\"async\" width=\"614\" height=\"438\" src=\"https:\/\/iykmakina.com\/wp-content\/uploads\/2026\/03\/metal-platform.png\" alt=\"\" class=\"wp-image-1232\" srcset=\"https:\/\/iykmakina.com\/wp-content\/uploads\/2026\/03\/metal-platform.png 614w, https:\/\/iykmakina.com\/wp-content\/uploads\/2026\/03\/metal-platform-300x214.png 300w, https:\/\/iykmakina.com\/wp-content\/uploads\/2026\/03\/metal-platform-18x12.png 18w\" sizes=\"auto, (max-width: 614px) 100vw, 614px\" \/><\/figure>\n<\/div>\n<\/div><\/div>\n\n\n\n<div class=\"wp-block-uagb-container \\&quot;wp-block-uagb-container uagb-block-ef5b0bff alignfull uagb-is-root-container\"><div class=\"uagb-container-inner-blocks-wrap\">\n<div class=\"wp-block-uagb-container uagb-block-c1977491\">\n<div class=\"wp-block-uagb-advanced-heading uagb-block-43b2ef2a\"><h2 class=\"uagb-heading-text\">Metal Raf Sistemleri                                             Proje\/\u0130\u015fletme Bazl\u0131 \u00d6zel \u00dcretim <\/h2><\/div>\n<\/div>\n\n\n\n<div class=\"wp-block-uagb-container uagb-block-20846866\">\n<figure class=\"wp-block-image size-full\"><img loading=\"lazy\" decoding=\"async\" width=\"1024\" height=\"1024\" src=\"https:\/\/iykmakina.com\/wp-content\/uploads\/2026\/03\/celik-raf-6.jpg\" alt=\"\" class=\"wp-image-1237\" srcset=\"https:\/\/iykmakina.com\/wp-content\/uploads\/2026\/03\/celik-raf-6.jpg 1024w, https:\/\/iykmakina.com\/wp-content\/uploads\/2026\/03\/celik-raf-6-300x300.jpg 300w, https:\/\/iykmakina.com\/wp-content\/uploads\/2026\/03\/celik-raf-6-150x150.jpg 150w, https:\/\/iykmakina.com\/wp-content\/uploads\/2026\/03\/celik-raf-6-768x768.jpg 768w, https:\/\/iykmakina.com\/wp-content\/uploads\/2026\/03\/celik-raf-6-12x12.jpg 12w\" sizes=\"auto, (max-width: 1024px) 100vw, 1024px\" \/><\/figure>\n<\/div>\n<\/div><\/div>\n\n\n\n<div class=\"wp-block-uagb-advanced-heading uagb-block-2613992d\"><h2 class=\"uagb-heading-text\"><br><\/h2><\/div>\n\n\n\n<div class=\"wp-block-uagb-container uagb-block-7bcbd0da alignfull uagb-is-root-container\"><div class=\"uagb-container-inner-blocks-wrap\">\n<div class=\"wp-block-uagb-container uagb-block-a5ce2a8a\">\n<div class=\"wp-block-uagb-advanced-heading uagb-block-901276c6\"><h2 class=\"uagb-heading-text\">Proje Bazl\u0131 Makine- Line Tasar\u0131m ve \u0130malat\u0131 <\/h2><\/div>\n<\/div>\n\n\n\n<div class=\"wp-block-uagb-container uagb-block-8c217b48\">\n<figure class=\"wp-block-image size-large\"><img loading=\"lazy\" decoding=\"async\" width=\"1024\" height=\"659\" src=\"https:\/\/iykmakina.com\/wp-content\/uploads\/2026\/03\/WhatsApp-Image-2026-03-28-at-23.26.15-1024x659.jpeg\" alt=\"\" class=\"wp-image-1242\" srcset=\"https:\/\/iykmakina.com\/wp-content\/uploads\/2026\/03\/WhatsApp-Image-2026-03-28-at-23.26.15-1024x659.jpeg 1024w, https:\/\/iykmakina.com\/wp-content\/uploads\/2026\/03\/WhatsApp-Image-2026-03-28-at-23.26.15-300x193.jpeg 300w, https:\/\/iykmakina.com\/wp-content\/uploads\/2026\/03\/WhatsApp-Image-2026-03-28-at-23.26.15-768x494.jpeg 768w, https:\/\/iykmakina.com\/wp-content\/uploads\/2026\/03\/WhatsApp-Image-2026-03-28-at-23.26.15-18x12.jpeg 18w, https:\/\/iykmakina.com\/wp-content\/uploads\/2026\/03\/WhatsApp-Image-2026-03-28-at-23.26.15.jpeg 1282w\" sizes=\"auto, (max-width: 1024px) 100vw, 1024px\" \/><\/figure>\n<\/div>\n<\/div><\/div>\n\n\n\n<div class=\"wp-block-uagb-container uagb-block-59881729 alignfull uagb-is-root-container\"><div class=\"uagb-container-inner-blocks-wrap\">\n<div class=\"wp-block-uagb-container uagb-block-bad4c378\">\n<div class=\"wp-block-uagb-advanced-heading uagb-block-3b8b4703\"><h2 class=\"uagb-heading-text\">\u0130\u00e7ecek Sistemleri \u00c7\u00f6z\u00fcmleri<\/h2><\/div>\n<\/div>\n\n\n\n<div class=\"wp-block-uagb-container uagb-block-cb864127\">\n<figure class=\"wp-block-image size-full is-resized\"><img loading=\"lazy\" decoding=\"async\" width=\"238\" height=\"291\" src=\"https:\/\/iykmakina.com\/wp-content\/uploads\/2026\/03\/postmix.png\" alt=\"\" class=\"wp-image-1245\" style=\"aspect-ratio:0.8179035549350231;width:590px;height:auto\" srcset=\"https:\/\/iykmakina.com\/wp-content\/uploads\/2026\/03\/postmix.png 238w, https:\/\/iykmakina.com\/wp-content\/uploads\/2026\/03\/postmix-10x12.png 10w\" sizes=\"auto, (max-width: 238px) 100vw, 238px\" \/><\/figure>\n<\/div>\n<\/div><\/div>\n\n\n\n<div class=\"wp-block-uagb-container uagb-block-b0fb7356 alignfull uagb-is-root-container\"><div class=\"uagb-container-inner-blocks-wrap\">\n<div class=\"wp-block-uagb-container uagb-block-835950b0\">\n<div class=\"wp-block-uagb-advanced-heading uagb-block-599d0ba7\"><h2 class=\"uagb-heading-text\">Ar-Ge, Devlet Destekleri ve Yat\u0131r\u0131m Dan\u0131\u015fmanl\u0131\u011f\u0131<\/h2><\/div>\n<\/div>\n\n\n\n<div class=\"wp-block-uagb-container uagb-block-d0350dc4\">\n<figure class=\"wp-block-image size-full\"><img loading=\"lazy\" decoding=\"async\" width=\"750\" height=\"442\" src=\"https:\/\/iykmakina.com\/wp-content\/uploads\/2026\/03\/proje-danismanlik-2.png\" alt=\"\" class=\"wp-image-1250\" srcset=\"https:\/\/iykmakina.com\/wp-content\/uploads\/2026\/03\/proje-danismanlik-2.png 750w, https:\/\/iykmakina.com\/wp-content\/uploads\/2026\/03\/proje-danismanlik-2-300x177.png 300w, https:\/\/iykmakina.com\/wp-content\/uploads\/2026\/03\/proje-danismanlik-2-18x12.png 18w\" sizes=\"auto, (max-width: 750px) 100vw, 750px\" \/><\/figure>\n<\/div>\n<\/div><\/div>\n\n\n\n<div class=\"wp-block-uagb-buttons uagb-buttons__outer-wrap uagb-btn__default-btn uagb-btn-tablet__default-btn uagb-btn-mobile__default-btn uagb-block-a6d9a1ef\"><div class=\"uagb-buttons__wrap uagb-buttons-layout-wrap\">\n<div class=\"wp-block-uagb-buttons-child uagb-buttons__outer-wrap uagb-block-f480a460 wp-block-button\"><div class=\"uagb-button__wrapper\"><a class=\"uagb-buttons-repeater wp-block-button__link\" aria-label=\"\" href=\"#\" rel=\"follow noopener\" target=\"_self\" role=\"button\"><div class=\"uagb-button__link\">Click Here<\/div><\/a><\/div><\/div>\n<\/div><\/div>\n\n\n\n<div class=\"wp-block-uagb-container uagb-block-95f3d934 alignfull uagb-is-root-container\"><div class=\"uagb-container-inner-blocks-wrap\">\n<div class=\"wp-block-uagb-container uagb-block-662cb68c\">\n<div class=\"wp-block-uagb-advanced-heading uagb-block-e30e271c\"><h2 class=\"uagb-heading-text\">S\u0131hhi Tesisat Projelendirme ve Uygulama Hizmetleri<\/h2><\/div>\n<\/div>\n\n\n\n<div class=\"wp-block-uagb-container uagb-block-103a4933\">\n<figure class=\"wp-block-image size-full is-resized\"><img loading=\"lazy\" decoding=\"async\" width=\"391\" height=\"434\" src=\"https:\/\/iykmakina.com\/wp-content\/uploads\/2026\/03\/sihhi-tesisat.png\" alt=\"\" class=\"wp-image-1254\" style=\"aspect-ratio:0.9009505292719809;width:590px;height:auto\" srcset=\"https:\/\/iykmakina.com\/wp-content\/uploads\/2026\/03\/sihhi-tesisat.png 391w, https:\/\/iykmakina.com\/wp-content\/uploads\/2026\/03\/sihhi-tesisat-270x300.png 270w, https:\/\/iykmakina.com\/wp-content\/uploads\/2026\/03\/sihhi-tesisat-11x12.png 11w\" sizes=\"auto, (max-width: 391px) 100vw, 391px\" \/><\/figure>\n<\/div>\n<\/div><\/div>\n\n\n\n<div class=\"wp-block-uagb-container uagb-block-c5b362fb alignfull uagb-is-root-container\"><div class=\"uagb-container-inner-blocks-wrap\">\n<div class=\"wp-block-uagb-container uagb-block-b3171a82\">\n<div class=\"wp-block-uagb-advanced-heading uagb-block-412b6854\"><h2 class=\"uagb-heading-text\">Fonksiyonel Bar \u00dcretimi ve \u00dcr\u00fcn Geli\u015ftirme<\/h2><\/div>\n<\/div>\n\n\n\n<div class=\"wp-block-uagb-container uagb-block-b3b1b203\">\n<figure class=\"wp-block-image size-full\"><img loading=\"lazy\" decoding=\"async\" width=\"604\" height=\"439\" src=\"https:\/\/iykmakina.com\/wp-content\/uploads\/2026\/03\/Ekran-Alintisi.png\" alt=\"\" class=\"wp-image-1258\" srcset=\"https:\/\/iykmakina.com\/wp-content\/uploads\/2026\/03\/Ekran-Alintisi.png 604w, https:\/\/iykmakina.com\/wp-content\/uploads\/2026\/03\/Ekran-Alintisi-300x218.png 300w, https:\/\/iykmakina.com\/wp-content\/uploads\/2026\/03\/Ekran-Alintisi-18x12.png 18w\" sizes=\"auto, (max-width: 604px) 100vw, 604px\" \/><\/figure>\n<\/div>\n<\/div><\/div>\n\n\n\n<p><\/p>","protected":false},"excerpt":{"rendered":"<p>End\u00fcstriyel Makine \u00dcretimi ve Projelendirme CNC, Universal Torna ve Freze ile Hassas \u00dcretim Metal Konstr\u00fcksiyon ve Proje Bazl\u0131 \u0130malat Metal Raf Sistemleri Proje\/\u0130\u015fletme Bazl\u0131 \u00d6zel \u00dcretim Proje Bazl\u0131 Makine- Line Tasar\u0131m ve \u0130malat\u0131 \u0130\u00e7ecek Sistemleri \u00c7\u00f6z\u00fcmleri Ar-Ge, Devlet Destekleri ve Yat\u0131r\u0131m Dan\u0131\u015fmanl\u0131\u011f\u0131 S\u0131hhi Tesisat Projelendirme ve Uygulama Hizmetleri Fonksiyonel Bar \u00dcretimi ve \u00dcr\u00fcn Geli\u015ftirme<\/p>","protected":false},"author":1,"featured_media":0,"parent":0,"menu_order":0,"comment_status":"closed","ping_status":"closed","template":"","meta":{"_uag_custom_page_level_css":"","site-sidebar-layout":"no-sidebar","site-content-layout":"plain-container","ast-site-content-layout":"normal-width-container","site-content-style":"unboxed","site-sidebar-style":"unboxed","ast-global-header-display":"","ast-banner-title-visibility":"","ast-main-header-display":"","ast-hfb-above-header-display":"","ast-hfb-below-header-display":"","ast-hfb-mobile-header-display":"","site-post-title":"","ast-breadcrumbs-content":"","ast-featured-img":"disabled","footer-sml-layout":"","ast-disable-related-posts":"","theme-transparent-header-meta":"enabled","adv-header-id-meta":"","stick-header-meta":"","header-above-stick-meta":"","header-main-stick-meta":"","header-below-stick-meta":"","astra-migrate-meta-layouts":"set","ast-page-background-enabled":"default","ast-page-background-meta":{"desktop":{"background-color":"","background-image":"","background-repeat":"repeat","background-position":"center center","background-size":"auto","background-attachment":"scroll","background-type":"","background-media":"","overlay-type":"","overlay-color":"","overlay-opacity":"","overlay-gradient":""},"tablet":{"background-color":"","background-image":"","background-repeat":"repeat","background-position":"center center","background-size":"auto","background-attachment":"scroll","background-type":"","background-media":"","overlay-type":"","overlay-color":"","overlay-opacity":"","overlay-gradient":""},"mobile":{"background-color":"","background-image":"","background-repeat":"repeat","background-position":"center center","background-size":"auto","background-attachment":"scroll","background-type":"","background-media":"","overlay-type":"","overlay-color":"","overlay-opacity":"","overlay-gradient":""}},"ast-content-background-meta":{"desktop":{"background-color":"var(--ast-global-color-4)","background-image":"","background-repeat":"repeat","background-position":"center center","background-size":"auto","background-attachment":"scroll","background-type":"","background-media":"","overlay-type":"","overlay-color":"","overlay-opacity":"","overlay-gradient":""},"tablet":{"background-color":"var(--ast-global-color-4)","background-image":"","background-repeat":"repeat","background-position":"center center","background-size":"auto","background-attachment":"scroll","background-type":"","background-media":"","overlay-type":"","overlay-color":"","overlay-opacity":"","overlay-gradient":""},"mobile":{"background-color":"var(--ast-global-color-4)","background-image":"","background-repeat":"repeat","background-position":"center center","background-size":"auto","background-attachment":"scroll","background-type":"","background-media":"","overlay-type":"","overlay-color":"","overlay-opacity":"","overlay-gradient":""}},"footnotes":""},"class_list":["post-7","page","type-page","status-publish","hentry"],"aioseo_notices":[],"_hostinger_reach_plugin_has_subscription_block":false,"_hostinger_reach_plugin_is_elementor":false,"uagb_featured_image_src":{"full":false,"thumbnail":false,"medium":false,"medium_large":false,"large":false,"1536x1536":false,"2048x2048":false,"trp-custom-language-flag":false},"uagb_author_info":{"display_name":"ikonukoglu2701@gmail.com","author_link":"https:\/\/iykmakina.com\/en\/author\/ikonukoglu2701gmail-com\/"},"uagb_comment_info":0,"uagb_excerpt":"End\u00fcstriyel Makine \u00dcretimi ve Projelendirme CNC, Universal Torna ve Freze ile Hassas \u00dcretim Metal Konstr\u00fcksiyon ve Proje Bazl\u0131 \u0130malat Metal Raf Sistemleri Proje\/\u0130\u015fletme Bazl\u0131 \u00d6zel \u00dcretim Proje Bazl\u0131 Makine- Line Tasar\u0131m ve \u0130malat\u0131 \u0130\u00e7ecek Sistemleri \u00c7\u00f6z\u00fcmleri Ar-Ge, Devlet Destekleri ve Yat\u0131r\u0131m Dan\u0131\u015fmanl\u0131\u011f\u0131 S\u0131hhi Tesisat Projelendirme ve Uygulama Hizmetleri Fonksiyonel Bar \u00dcretimi ve \u00dcr\u00fcn Geli\u015ftirme","_links":{"self":[{"href":"https:\/\/iykmakina.com\/en\/wp-json\/wp\/v2\/pages\/7","targetHints":{"allow":["GET"]}}],"collection":[{"href":"https:\/\/iykmakina.com\/en\/wp-json\/wp\/v2\/pages"}],"about":[{"href":"https:\/\/iykmakina.com\/en\/wp-json\/wp\/v2\/types\/page"}],"author":[{"embeddable":true,"href":"https:\/\/iykmakina.com\/en\/wp-json\/wp\/v2\/users\/1"}],"replies":[{"embeddable":true,"href":"https:\/\/iykmakina.com\/en\/wp-json\/wp\/v2\/comments?post=7"}],"version-history":[{"count":13,"href":"https:\/\/iykmakina.com\/en\/wp-json\/wp\/v2\/pages\/7\/revisions"}],"predecessor-version":[{"id":1266,"href":"https:\/\/iykmakina.com\/en\/wp-json\/wp\/v2\/pages\/7\/revisions\/1266"}],"wp:attachment":[{"href":"https:\/\/iykmakina.com\/en\/wp-json\/wp\/v2\/media?parent=7"}],"curies":[{"name":"wp","href":"https:\/\/api.w.org\/{rel}","templated":true}]}}